{"id":8,"date":"2016-11-25T11:25:50","date_gmt":"2016-11-25T11:25:50","guid":{"rendered":"https:\/\/2017.helsinki.wordcamp.org\/speakers\/"},"modified":"2017-03-21T18:38:38","modified_gmt":"2017-03-21T16:38:38","slug":"speakers","status":"publish","type":"page","link":"https:\/\/helsinki.wordcamp.org\/2017\/speakers\/","title":{"rendered":"Speakers"},"content":{"rendered":"<p>At WordCamp Helsinki 2017 there will be appealing content to designers, site owners, business owners, intermediate and advanced developers alike. Get to know with our amazing list of varied speakers before the event and\u00a0give a big hand to them!<\/p>\n\n\t<div class=\"wcorg-speakers\">\n\n\t\t\n\t\t\t<!-- Organizers note: The id attribute is deprecated and only remains for backwards compatibility, please use the corresponding class to target individual speakers -->\n\t\t\t<div id=\"wcorg-speaker-jaakko-alajoki\" class=\"wcorg-speaker wcorg-speaker-jaakko-alajoki\">\n\t\t\t\t<h2>\n\t\t\t\t\t\n\t\t\t\t\t\tJaakko Alajoki\n\t\t\t\t\t\t\t\t\t<\/h2>\n\n\t\t\t\t<div class=\"wcorg-speaker-description\">\n\t\t\t\t\t<img alt='' src='https:\/\/secure.gravatar.com\/avatar\/1f256313755af016a995eca40d140e88a574de7f6a23053ac6bcd4d2f9002fc0?s=100&#038;d=mm&#038;r=g' srcset='https:\/\/secure.gravatar.com\/avatar\/1f256313755af016a995eca40d140e88a574de7f6a23053ac6bcd4d2f9002fc0?s=200&#038;d=mm&#038;r=g 2x' class='avatar avatar-100 photo' height='100' width='100' \/>\t\t\t\t\t<p>I\u2019m working as the CTO at Evermade. I lead our dev team, provide technical consultation and get my hands dirty with code every day. I\u2019ve used a wide variety of front-end and back-end technologies throughout my career and I\u2019ve used WordPress more or less since it was released.<\/p>\n\t\t\t\t<\/div>\n\t\t\t<\/div>\n\n\t\t\n\t\t\t<!-- Organizers note: The id attribute is deprecated and only remains for backwards compatibility, please use the corresponding class to target individual speakers -->\n\t\t\t<div id=\"wcorg-speaker-viljami-kuosmanen\" class=\"wcorg-speaker wcorg-speaker-viljami-kuosmanen\">\n\t\t\t\t<h2>\n\t\t\t\t\t\n\t\t\t\t\t\tViljami Kuosmanen\n\t\t\t\t\t\t\t\t\t<\/h2>\n\n\t\t\t\t<div class=\"wcorg-speaker-description\">\n\t\t\t\t\t<img alt='' src='https:\/\/secure.gravatar.com\/avatar\/9efa37940d5a2c1e8b0139915cadd76299b28cbf1bd644f85b5f009f8b0c6d8e?s=100&#038;d=mm&#038;r=g' srcset='https:\/\/secure.gravatar.com\/avatar\/9efa37940d5a2c1e8b0139915cadd76299b28cbf1bd644f85b5f009f8b0c6d8e?s=200&#038;d=mm&#038;r=g 2x' class='avatar avatar-100 photo' height='100' width='100' \/>\t\t\t\t\t<p>A Forbes featured Hacker, Security Expert and a WordPress digitalist star celebrity (from Savo) with years of experience in the tech business as an entrepreneur, thought-leader and coder-consultant.<\/p>\n\t\t\t\t<\/div>\n\t\t\t<\/div>\n\n\t\t\n\t\t\t<!-- Organizers note: The id attribute is deprecated and only remains for backwards compatibility, please use the corresponding class to target individual speakers -->\n\t\t\t<div id=\"wcorg-speaker-daniel-koskinen\" class=\"wcorg-speaker wcorg-speaker-daniel-koskinen\">\n\t\t\t\t<h2>\n\t\t\t\t\t\n\t\t\t\t\t\tDaniel Koskinen\n\t\t\t\t\t\t\t\t\t<\/h2>\n\n\t\t\t\t<div class=\"wcorg-speaker-description\">\n\t\t\t\t\t<img alt='' src='https:\/\/secure.gravatar.com\/avatar\/26be20509d874de0c92acfc6b665612bb62d6fa263b94807c5844e514982eaa2?s=100&#038;d=mm&#038;r=g' srcset='https:\/\/secure.gravatar.com\/avatar\/26be20509d874de0c92acfc6b665612bb62d6fa263b94807c5844e514982eaa2?s=200&#038;d=mm&#038;r=g 2x' class='avatar avatar-100 photo' height='100' width='100' \/>\t\t\t\t\t<p>After graduating from university 10 years ago and a very brief visit to the world of academic research, Daniel started his own freelance business in 2008, building and maintaining mostly WordPress-based sites for small businesses and ad agencies. He then moved on to work at H1, where he&#8217;s been building digital stuff for clients for the past few years. Along with his colleagues, Daniel joined Zeeland Family in 2016 where he&#8217;s now in charge of supporting an ever growing number of WordPress installs. Since 2009 he has been leading the volunteer effort for maintaining the Finnish translation of WordPress and co-organized the two first WordCamps in Finland. <\/p>\n\t\t\t\t<\/div>\n\t\t\t<\/div>\n\n\t\t\n\t\t\t<!-- Organizers note: The id attribute is deprecated and only remains for backwards compatibility, please use the corresponding class to target individual speakers -->\n\t\t\t<div id=\"wcorg-speaker-joonas-jukkara\" class=\"wcorg-speaker wcorg-speaker-joonas-jukkara\">\n\t\t\t\t<h2>\n\t\t\t\t\t\n\t\t\t\t\t\tJoonas Jukkara\n\t\t\t\t\t\t\t\t\t<\/h2>\n\n\t\t\t\t<div class=\"wcorg-speaker-description\">\n\t\t\t\t\t<img alt='' src='https:\/\/secure.gravatar.com\/avatar\/04fe5477f561f5c05db9e101d02aad952450cc339ec35015e940bbfb7c2c6c45?s=100&#038;d=mm&#038;r=g' srcset='https:\/\/secure.gravatar.com\/avatar\/04fe5477f561f5c05db9e101d02aad952450cc339ec35015e940bbfb7c2c6c45?s=200&#038;d=mm&#038;r=g 2x' class='avatar avatar-100 photo' height='100' width='100' \/>\t\t\t\t\t<p>Joonas believes that the only way to be successful is to understand your customer, and the best way to understand your customer is to collect information on their actual behavior.<\/p>\n<p>After a bit more than two years (and 8 WP-based website launches) of handling digital marketing operations in Shanghai-based FDI consultancy, Joonas moved back to Europe to work with SEOSEON (<a title=\"http:\/\/seoseon.com\/\" href=\"http:\/\/seoseon.com\/\" target=\"_blank\">http:\/\/seoseon.com\/<\/a>)\u00a0helping companies improve their visibility online.<\/p>\n\t\t\t\t<\/div>\n\t\t\t<\/div>\n\n\t\t\n\t\t\t<!-- Organizers note: The id attribute is deprecated and only remains for backwards compatibility, please use the corresponding class to target individual speakers -->\n\t\t\t<div id=\"wcorg-speaker-edmund-turbin\" class=\"wcorg-speaker wcorg-speaker-edmund-turbin\">\n\t\t\t\t<h2>\n\t\t\t\t\t\n\t\t\t\t\t\tEdmund Turbin\n\t\t\t\t\t\t\t\t\t<\/h2>\n\n\t\t\t\t<div class=\"wcorg-speaker-description\">\n\t\t\t\t\t<img alt='' src='https:\/\/secure.gravatar.com\/avatar\/9d8a73f917e4e08ded102d68e3bf08137787b7beae42405867ebde603f34e03a?s=100&#038;d=mm&#038;r=g' srcset='https:\/\/secure.gravatar.com\/avatar\/9d8a73f917e4e08ded102d68e3bf08137787b7beae42405867ebde603f34e03a?s=200&#038;d=mm&#038;r=g 2x' class='avatar avatar-100 photo' height='100' width='100' \/>\t\t\t\t\t<p>Edmund Turbin is Solutions Engineer at WP Engine, London. Over the past ten years he has built websites with content management systems and has held technical roles in media, publishing and ad tech in New York City. Edmund is passionate about front end coding, development workflow and scaling WordPress for enterprise. Edmund enjoys speaking about technology and is greatful for the opportunity to talk at more than ten events throughout Europe over the past two years. In his free time, Edmund enjoys electronic music production, snowboarding, cycling and discovering new places across the globe to explore with his family &amp; kids. Follow him on Twitter @spicecadet.<\/p>\n\t\t\t\t<\/div>\n\t\t\t<\/div>\n\n\t\t\n\t\t\t<!-- Organizers note: The id attribute is deprecated and only remains for backwards compatibility, please use the corresponding class to target individual speakers -->\n\t\t\t<div id=\"wcorg-speaker-onni-hakala\" class=\"wcorg-speaker wcorg-speaker-onni-hakala\">\n\t\t\t\t<h2>\n\t\t\t\t\t\n\t\t\t\t\t\tOnni Hakala\n\t\t\t\t\t\t\t\t\t<\/h2>\n\n\t\t\t\t<div class=\"wcorg-speaker-description\">\n\t\t\t\t\t<img alt='' src='https:\/\/secure.gravatar.com\/avatar\/61adf23301f2bae97b7907a24d7e38295f3d47f966eac206008d94d1813426a1?s=100&#038;d=mm&#038;r=g' srcset='https:\/\/secure.gravatar.com\/avatar\/61adf23301f2bae97b7907a24d7e38295f3d47f966eac206008d94d1813426a1?s=200&#038;d=mm&#038;r=g 2x' class='avatar avatar-100 photo' height='100' width='100' \/>\t\t\t\t\t<p>Full stack developer &amp; Lead Devops Engineer in Geniem Oy. Active open source contributor and advocate for server automation. He spends most of his time optimizing slow backends or building webscale solutions with WordPress. Onni knows how it feels to wake up in middle the night to fix broken websites. He plans to fix problems before they arise. In addition he does some freelancing and writes a technical blog in <a title=\"https:\/\/keksi.io\" href=\"https:\/\/keksi.io\">https:\/\/keksi.io<\/a>.<\/p>\n\t\t\t\t<\/div>\n\t\t\t<\/div>\n\n\t\t\n\t\t\t<!-- Organizers note: The id attribute is deprecated and only remains for backwards compatibility, please use the corresponding class to target individual speakers -->\n\t\t\t<div id=\"wcorg-speaker-saulirajala\" class=\"wcorg-speaker wcorg-speaker-saulirajala\">\n\t\t\t\t<h2>\n\t\t\t\t\t\n\t\t\t\t\t\tSauli Rajala\n\t\t\t\t\t\t\t\t\t<\/h2>\n\n\t\t\t\t<div class=\"wcorg-speaker-description\">\n\t\t\t\t\t<img alt='' src='https:\/\/secure.gravatar.com\/avatar\/46203f42d39936cfd5fb0ba958eff19c66d8a3767c7269364cd27b914509facc?s=100&#038;d=mm&#038;r=g' srcset='https:\/\/secure.gravatar.com\/avatar\/46203f42d39936cfd5fb0ba958eff19c66d8a3767c7269364cd27b914509facc?s=200&#038;d=mm&#038;r=g 2x' class='avatar avatar-100 photo' height='100' width='100' \/>\t\t\t\t\t<p>Sauli Rajala was born in a small town called Per\u00e4sein\u00e4joki. Now he lives in Jyv\u00e4skyl\u00e4, where he works as a front-end developer at Valu Digital. Sauli is still kind of newbie in everything, but he is always looking for ways to push his skills to the next level.<\/p>\n\t\t\t\t<\/div>\n\t\t\t<\/div>\n\n\t\t\n\t\t\t<!-- Organizers note: The id attribute is deprecated and only remains for backwards compatibility, please use the corresponding class to target individual speakers -->\n\t\t\t<div id=\"wcorg-speaker-danny-hobo\" class=\"wcorg-speaker wcorg-speaker-danny-hobo\">\n\t\t\t\t<h2>\n\t\t\t\t\t\n\t\t\t\t\t\tDanny Hobo\n\t\t\t\t\t\t\t\t\t<\/h2>\n\n\t\t\t\t<div class=\"wcorg-speaker-description\">\n\t\t\t\t\t<img alt='' src='https:\/\/secure.gravatar.com\/avatar\/b5ed39d384891c8d5fa40ecdfc92108ca4f7dd5dbbcf3006f28ee339258170e9?s=100&#038;d=mm&#038;r=g' srcset='https:\/\/secure.gravatar.com\/avatar\/b5ed39d384891c8d5fa40ecdfc92108ca4f7dd5dbbcf3006f28ee339258170e9?s=200&#038;d=mm&#038;r=g 2x' class='avatar avatar-100 photo' height='100' width='100' \/>\t\t\t\t\t<p>Danny is a developer who has specialised himself in WordPress and e-commerce. As a backend developer he knows how to speed up your site as well as how to speed up the development process. After working in the Netherlands for a couple of years, Danny moved to Estonia and is now working for Exove (<a title=\"http:\/\/www.exove.com\" href=\"http:\/\/www.exove.com\">www.exove.com<\/a>) in their Tallinn office.<\/p>\n\t\t\t\t<\/div>\n\t\t\t<\/div>\n\n\t\t\n\t\t\t<!-- Organizers note: The id attribute is deprecated and only remains for backwards compatibility, please use the corresponding class to target individual speakers -->\n\t\t\t<div id=\"wcorg-speaker-miikka-vento\" class=\"wcorg-speaker wcorg-speaker-miikka-vento\">\n\t\t\t\t<h2>\n\t\t\t\t\t\n\t\t\t\t\t\tMiikka Vento\n\t\t\t\t\t\t\t\t\t<\/h2>\n\n\t\t\t\t<div class=\"wcorg-speaker-description\">\n\t\t\t\t\t<img alt='' src='https:\/\/secure.gravatar.com\/avatar\/b8536bf06c0272919c05ea6d131395e47e32e4e4623da4f6d756ce1b6e33b647?s=100&#038;d=mm&#038;r=g' srcset='https:\/\/secure.gravatar.com\/avatar\/b8536bf06c0272919c05ea6d131395e47e32e4e4623da4f6d756ce1b6e33b647?s=200&#038;d=mm&#038;r=g 2x' class='avatar avatar-100 photo' height='100' width='100' \/>\t\t\t\t\t<p>Miikka is a partner at G-Works, a digital marketing agency. Miikka has been working with WordPress for a few years, overseeing tens of projects ranging from simple campaign sites to large-scale multisites and high levels of API integration. Miikka focuses on &#8220;getting it done&#8221; &#8211; his motto is to enable everyone else to perform to their maximum potential.<\/p>\n<p>As a copywriter, concept designer and a project manager Miikka is at home working the middle ground between designers, coders and clients. He also has a magical ability to completely read emails unlike anyone else at the office. In his spare time he is an avid hockey fan, rooting for Helsinki&#8217;s IFK.<\/p>\n\t\t\t\t<\/div>\n\t\t\t<\/div>\n\n\t\t\n\t\t\t<!-- Organizers note: The id attribute is deprecated and only remains for backwards compatibility, please use the corresponding class to target individual speakers -->\n\t\t\t<div id=\"wcorg-speaker-aki-bjorklund\" class=\"wcorg-speaker wcorg-speaker-aki-bjorklund\">\n\t\t\t\t<h2>\n\t\t\t\t\t\n\t\t\t\t\t\tAki Bj\u00f6rklund\n\t\t\t\t\t\t\t\t\t<\/h2>\n\n\t\t\t\t<div class=\"wcorg-speaker-description\">\n\t\t\t\t\t<img alt='' src='https:\/\/secure.gravatar.com\/avatar\/0ae9e1d631fb68c32c15c0f79c79c2949114cef76180c8e62e859218ce31b1a2?s=100&#038;d=mm&#038;r=g' srcset='https:\/\/secure.gravatar.com\/avatar\/0ae9e1d631fb68c32c15c0f79c79c2949114cef76180c8e62e859218ce31b1a2?s=200&#038;d=mm&#038;r=g 2x' class='avatar avatar-100 photo' height='100' width='100' \/>\t\t\t\t\t<p>Aki Bj\u00f6rklund has been building websites since 2000. After 10 years of developing custom CMSs with Microsoft technologies for big Finnish media companies, among other things, he had enough and switched to 100% WordPress. Aki is a founder of a WordPress agency which is now part of The Zeeland Family, a full-stack marketing agency.<\/p>\n\t\t\t\t<\/div>\n\t\t\t<\/div>\n\n\t\t\n\t\t\t<!-- Organizers note: The id attribute is deprecated and only remains for backwards compatibility, please use the corresponding class to target individual speakers -->\n\t\t\t<div id=\"wcorg-speaker-thomas-hurd\" class=\"wcorg-speaker wcorg-speaker-thomas-hurd\">\n\t\t\t\t<h2>\n\t\t\t\t\t\n\t\t\t\t\t\tThomas Hurd\n\t\t\t\t\t\t\t\t\t<\/h2>\n\n\t\t\t\t<div class=\"wcorg-speaker-description\">\n\t\t\t\t\t<img alt='' src='https:\/\/secure.gravatar.com\/avatar\/29f045913d33d98ed8dbbca34390d584de98d016903aa538d4e16e6992685683?s=100&#038;d=mm&#038;r=g' srcset='https:\/\/secure.gravatar.com\/avatar\/29f045913d33d98ed8dbbca34390d584de98d016903aa538d4e16e6992685683?s=200&#038;d=mm&#038;r=g 2x' class='avatar avatar-100 photo' height='100' width='100' \/>\t\t\t\t\t<p>A transplant from New Zealand, via a few countries along the way, Thomas came to Helsinki for love \u2013 of design. He has translated his background in product, system and service design into developing integrated digital experiences with the team at Pixels. As a creative and CEO, Thomas works with a team that creates considered user experiences, beautiful design and powerful technical implementations.<\/p>\n\t\t\t\t<\/div>\n\t\t\t<\/div>\n\n\t\t\n\t\t\t<!-- Organizers note: The id attribute is deprecated and only remains for backwards compatibility, please use the corresponding class to target individual speakers -->\n\t\t\t<div id=\"wcorg-speaker-alexandra-draghici\" class=\"wcorg-speaker wcorg-speaker-alexandra-draghici\">\n\t\t\t\t<h2>\n\t\t\t\t\t\n\t\t\t\t\t\tAlexandra Draghici\n\t\t\t\t\t\t\t\t\t<\/h2>\n\n\t\t\t\t<div class=\"wcorg-speaker-description\">\n\t\t\t\t\t<img alt='' src='https:\/\/secure.gravatar.com\/avatar\/91109da90398230248af04009d502c89f8a5dfb11edab668cf036d4c7731cccd?s=100&#038;d=mm&#038;r=g' srcset='https:\/\/secure.gravatar.com\/avatar\/91109da90398230248af04009d502c89f8a5dfb11edab668cf036d4c7731cccd?s=200&#038;d=mm&#038;r=g 2x' class='avatar avatar-100 photo' height='100' width='100' \/>\t\t\t\t\t<p>Alexandra handles product development at CaptainForm, WordPress form builder launched in 2015 by 123ContactForm. Previously, she worked in project and product management at the same company and she developed a deep interest in analyzing user behavior and building solutions tailored to their needs.<\/p>\n<p>She believes that each market comes with a beautiful and unique user typology, that simply needs to be understood and addressed in a specific way. And the WordPress world is the closest to her heart. In 2016, she spoke at WordCamp Bratislava, WordCamp Belfast and WordCamp Bucharest.<\/p>\n<p>Alexandra is also very fond of teaching and has founded the most popular platform for learning English in her home country, Romania. She asks &#8220;why&#8221; probably 100 times a day and she likes to do any type of puzzle, ride her bike and play tennis.<\/p>\n\t\t\t\t<\/div>\n\t\t\t<\/div>\n\n\t\t\n\t<\/div>\n\n\t\n","protected":false},"excerpt":{"rendered":"<p>At WordCamp Helsinki 2017 there will be appealing content to designers, site owners, business owners, intermediate and advanced developers alike. Get to know with our amazing list of varied speakers before the event and\u00a0give a big hand to them!<\/p>\n","protected":false},"author":11990164,"featured_media":0,"parent":0,"menu_order":0,"comment_status":"closed","ping_status":"closed","template":"","meta":{"jetpack_post_was_ever_published":false,"footnotes":""},"class_list":["post-8","page","type-page","status-publish","hentry"],"jetpack_sharing_enabled":true,"jetpack_shortlink":"https:\/\/wp.me\/P89f9x-8","_links":{"self":[{"href":"https:\/\/helsinki.wordcamp.org\/2017\/wp-json\/wp\/v2\/pages\/8","targetHints":{"allow":["GET"]}}],"collection":[{"href":"https:\/\/helsinki.wordcamp.org\/2017\/wp-json\/wp\/v2\/pages"}],"about":[{"href":"https:\/\/helsinki.wordcamp.org\/2017\/wp-json\/wp\/v2\/types\/page"}],"author":[{"embeddable":true,"href":"https:\/\/helsinki.wordcamp.org\/2017\/wp-json\/wp\/v2\/users\/11990164"}],"replies":[{"embeddable":true,"href":"https:\/\/helsinki.wordcamp.org\/2017\/wp-json\/wp\/v2\/comments?post=8"}],"version-history":[{"count":7,"href":"https:\/\/helsinki.wordcamp.org\/2017\/wp-json\/wp\/v2\/pages\/8\/revisions"}],"predecessor-version":[{"id":1087,"href":"https:\/\/helsinki.wordcamp.org\/2017\/wp-json\/wp\/v2\/pages\/8\/revisions\/1087"}],"wp:attachment":[{"href":"https:\/\/helsinki.wordcamp.org\/2017\/wp-json\/wp\/v2\/media?parent=8"}],"curies":[{"name":"wp","href":"https:\/\/api.w.org\/{rel}","templated":true}]}}