{"id":111,"date":"2017-01-24T16:33:23","date_gmt":"2017-01-24T14:33:23","guid":{"rendered":"https:\/\/2017.helsinki.wordcamp.org\/?page_id=111"},"modified":"2017-04-05T13:00:10","modified_gmt":"2017-04-05T10:00:10","slug":"about","status":"publish","type":"page","link":"https:\/\/helsinki.wordcamp.org\/2017\/about\/","title":{"rendered":"About"},"content":{"rendered":"<p><strong>Suomeksi \/ In Finnish:<\/strong><br \/>\nWordCampit ovat\u00a0rentoja, paikallisesti j\u00e4rjestettyj\u00e4 WordPress-aiheisia konferensseja. WordPress on ilmainen ja l\u00e4hdekoodiltaan avoin henkil\u00f6kohtainen julkaisualusta, joka py\u00f6ritt\u00e4\u00e4 yli 75 miljoonaa www-sivustoa maailmanlaajuisesti. 21.-22. huhtikuuta\u00a0Helsingiss\u00e4\u00a0j\u00e4rjestett\u00e4v\u00e4 WordCamp Helsinki 2017\u00a0on j\u00e4rjestyksess\u00e4\u00e4n kolmas\u00a0tapahtuma Suomessa. Ensimm\u00e4inen j\u00e4rjestettiin Tampereella toukokuussa 2015 ja toinen my\u00f6s Helsingiss\u00e4 2016.<\/p>\n<p>Konferenssiesitysten aiheita on laidasta laitaan, WordPressin tehokkaammasta hy\u00f6dynt\u00e4misest\u00e4 ja lis\u00e4osien kehitt\u00e4misest\u00e4 edistyneempiin tekniikoihin, tietoturvakysymyksiin ja WordPress-liiketoimintaan. Tapahtuman kohderyhm\u00e4n\u00e4 ovat niin WordPress-harrastelijat kuin sit\u00e4 ty\u00f6ss\u00e4\u00e4n p\u00e4ivitt\u00e4in hy\u00f6dynt\u00e4v\u00e4t ammattilaiset, www-suunnittelijat, kehitt\u00e4j\u00e4t ja organisaatiot.<\/p>\n<p>Voit katsoa aikaisempien vuosien videot t\u00e4\u00e4lt\u00e4:\u00a0<a href=\"http:\/\/wordpress.tv\/event\/wordcamp-finland-2015\/\">2015<\/a>, <a href=\"http:\/\/wordpress.tv\/event\/wordcamp-finland-2016\/\">2016<\/a>.<\/p>\n<hr \/>\n<p>WordCamps are casual, locally-organized conferences covering everything related to\u00a0<a href=\"http:\/\/wordpress.org\/\">WordPress<\/a>, the free and open source personal publishing software\u00a0that powers over 75 million sites on the web.<\/p>\n<p>WordCamps come in all different flavors, based on the local communities that produce them, but in general, WordCamps include sessions on how to use WordPress more effectively, beginning\u00a0<a href=\"http:\/\/wordpress.org\/extend\/plugins\/\">plugin<\/a>\u00a0and\u00a0<a href=\"http:\/\/wordpress.org\/extend\/themes\/\">theme<\/a>\u00a0development, advanced techniques, design, security, etc. To get an idea of the types of sessions typically seen at WordCamps, check out the videos from the previous events in Finland:\u00a0<a href=\"http:\/\/wordpress.tv\/event\/wordcamp-finland-2015\/\">2015<\/a>, <a href=\"http:\/\/wordpress.tv\/event\/wordcamp-finland-2016\/\">2016<\/a>.<\/p>\n<p>WordCamps are informal, community-organized events that are put together by WordPress users like you. Everyone from casual users to core developers participate, share ideas, and get to know each other.\u00a0For more information on common WordCamp elements, read about\u00a0<a href=\"http:\/\/central.wordcamp.org\/what-to-expect\/\">what to expect<\/a>\u00a0at a WordCamp.<\/p>\n<p>The\u00a0<a href=\"http:\/\/central.wordcamp.org\/wordcamps\/san-francisco-2006\/\">first WordCamp<\/a>\u00a0was organised in San Francisco by Matt Mullenweg in 2006, and since then local communities around the world have organized\u00a0hundreds of others. The first WordCamp Finland was held in Tampere in May 2015 followed by a second one in Helsinki in April 2016.<\/p>\n","protected":false},"excerpt":{"rendered":"<p>Suomeksi \/ In Finnish: WordCampit ovat\u00a0rentoja, paikallisesti j\u00e4rjestettyj\u00e4 WordPress-aiheisia konferensseja. WordPress on ilmainen ja l\u00e4hdekoodiltaan avoin henkil\u00f6kohtainen julkaisualusta, joka py\u00f6ritt\u00e4\u00e4 yli 75 miljoonaa www-sivustoa maailmanlaajuisesti. 21.-22. huhtikuuta\u00a0Helsingiss\u00e4\u00a0j\u00e4rjestett\u00e4v\u00e4 WordCamp Helsinki 2017\u00a0on j\u00e4rjestyksess\u00e4\u00e4n kolmas\u00a0tapahtuma Suomessa. Ensimm\u00e4inen j\u00e4rjestettiin Tampereella toukokuussa 2015 ja toinen my\u00f6s Helsingiss\u00e4 2016. Konferenssiesitysten aiheita on laidasta laitaan, WordPressin tehokkaammasta hy\u00f6dynt\u00e4misest\u00e4 ja lis\u00e4osien kehitt\u00e4misest\u00e4 edistyneempiin &hellip; <a href=\"https:\/\/helsinki.wordcamp.org\/2017\/about\/\" class=\"more-link\">Continue reading<span class=\"screen-reader-text\"> &#8220;About&#8221;<\/span><\/a><\/p>\n","protected":false},"author":11990164,"featured_media":0,"parent":0,"menu_order":0,"comment_status":"closed","ping_status":"closed","template":"","meta":{"jetpack_post_was_ever_published":false,"footnotes":""},"class_list":["post-111","page","type-page","status-publish","hentry"],"jetpack_sharing_enabled":true,"jetpack_shortlink":"https:\/\/wp.me\/P89f9x-1N","_links":{"self":[{"href":"https:\/\/helsinki.wordcamp.org\/2017\/wp-json\/wp\/v2\/pages\/111","targetHints":{"allow":["GET"]}}],"collection":[{"href":"https:\/\/helsinki.wordcamp.org\/2017\/wp-json\/wp\/v2\/pages"}],"about":[{"href":"https:\/\/helsinki.wordcamp.org\/2017\/wp-json\/wp\/v2\/types\/page"}],"author":[{"embeddable":true,"href":"https:\/\/helsinki.wordcamp.org\/2017\/wp-json\/wp\/v2\/users\/11990164"}],"replies":[{"embeddable":true,"href":"https:\/\/helsinki.wordcamp.org\/2017\/wp-json\/wp\/v2\/comments?post=111"}],"version-history":[{"count":8,"href":"https:\/\/helsinki.wordcamp.org\/2017\/wp-json\/wp\/v2\/pages\/111\/revisions"}],"predecessor-version":[{"id":274,"href":"https:\/\/helsinki.wordcamp.org\/2017\/wp-json\/wp\/v2\/pages\/111\/revisions\/274"}],"wp:attachment":[{"href":"https:\/\/helsinki.wordcamp.org\/2017\/wp-json\/wp\/v2\/media?parent=111"}],"curies":[{"name":"wp","href":"https:\/\/api.w.org\/{rel}","templated":true}]}}